{"id":1380,"date":"2022-09-09T17:50:08","date_gmt":"2020-08-25T19:45:50","guid":{"rendered":"http:\/\/tagderclubkultur-2023.wp.clubcommission.de\/kuratorium-2\/"},"modified":"2023-10-13T15:51:28","modified_gmt":"2023-10-13T15:51:28","slug":"partner","status":"publish","type":"page","link":"https:\/\/2023.tagderclubkultur.berlin\/en\/partner\/","title":{"rendered":"Partners"},"content":{"rendered":"","protected":false},"excerpt":{"rendered":"","protected":false},"author":1,"featured_media":0,"parent":0,"menu_order":7,"comment_status":"closed","ping_status":"closed","template":"","meta":{"inline_featured_image":false},"class_list":["post-1380","page","type-page","status-publish","hentry"],"yoast_head":"<!-- This site is optimized with the Yoast SEO plugin v27.2 - https:\/\/yoast.com\/product\/yoast-seo-wordpress\/ -->\n<title>Partner - TAG DER CLUBKULTUR<\/title>\n<meta name=\"robots\" content=\"index, follow, max-snippet:-1, max-image-preview:large, max-video-preview:-1\" \/>\n<link rel=\"canonical\" href=\"https:\/\/2023.tagderclubkultur.berlin\/en\/partner\/\" \/>\n<meta property=\"og:locale\" content=\"de_DE\" \/>\n<meta property=\"og:type\" content=\"article\" \/>\n<meta property=\"og:title\" content=\"Partner - TAG DER CLUBKULTUR\" \/>\n<meta property=\"og:url\" content=\"https:\/\/2023.tagderclubkultur.berlin\/en\/partner\/\" \/>\n<meta property=\"og:site_name\" content=\"TAG DER CLUBKULTUR\" \/>\n<meta property=\"article:modified_time\" content=\"2023-10-13T15:51:28+00:00\" \/>\n<meta property=\"og:image\" content=\"https:\/\/2023.tagderclubkultur.berlin\/wp-content\/uploads\/sites\/23\/2023\/05\/TDC23_Web_Hero_Desktop_3.jpg\" \/>\n\t<meta property=\"og:image:width\" content=\"6250\" \/>\n\t<meta property=\"og:image:height\" content=\"4167\" \/>\n\t<meta property=\"og:image:type\" content=\"image\/jpeg\" \/>\n<meta name=\"twitter:card\" content=\"summary_large_image\" \/>\n<script type=\"application\/ld+json\" class=\"yoast-schema-graph\">{\"@context\":\"https:\/\/schema.org\",\"@graph\":[{\"@type\":\"WebPage\",\"@id\":\"https:\/\/2023.tagderclubkultur.berlin\/partner\/\",\"url\":\"https:\/\/2023.tagderclubkultur.berlin\/partner\/\",\"name\":\"Partner - TAG DER CLUBKULTUR\",\"isPartOf\":{\"@id\":\"https:\/\/2023.tagderclubkultur.berlin\/en\/#website\"},\"datePublished\":\"2020-08-25T19:45:50+00:00\",\"dateModified\":\"2023-10-13T15:51:28+00:00\",\"breadcrumb\":{\"@id\":\"https:\/\/2023.tagderclubkultur.berlin\/partner\/#breadcrumb\"},\"inLanguage\":\"de\",\"potentialAction\":[{\"@type\":\"ReadAction\",\"target\":[\"https:\/\/2023.tagderclubkultur.berlin\/partner\/\"]}]},{\"@type\":\"BreadcrumbList\",\"@id\":\"https:\/\/2023.tagderclubkultur.berlin\/partner\/#breadcrumb\",\"itemListElement\":[{\"@type\":\"ListItem\",\"position\":1,\"name\":\"Home\",\"item\":\"https:\/\/2023.tagderclubkultur.berlin\/\"},{\"@type\":\"ListItem\",\"position\":2,\"name\":\"Partner\"}]},{\"@type\":\"WebSite\",\"@id\":\"https:\/\/2023.tagderclubkultur.berlin\/en\/#website\",\"url\":\"https:\/\/2023.tagderclubkultur.berlin\/en\/\",\"name\":\"TAG DER CLUBKULTUR\",\"description\":\"\",\"potentialAction\":[{\"@type\":\"SearchAction\",\"target\":{\"@type\":\"EntryPoint\",\"urlTemplate\":\"https:\/\/2023.tagderclubkultur.berlin\/en\/?s={search_term_string}\"},\"query-input\":{\"@type\":\"PropertyValueSpecification\",\"valueRequired\":true,\"valueName\":\"search_term_string\"}}],\"inLanguage\":\"de\"}]}<\/script>\n<!-- \/ Yoast SEO plugin. -->","yoast_head_json":{"title":"Partner - TAG DER CLUBKULTUR","robots":{"index":"index","follow":"follow","max-snippet":"max-snippet:-1","max-image-preview":"max-image-preview:large","max-video-preview":"max-video-preview:-1"},"canonical":"https:\/\/2023.tagderclubkultur.berlin\/en\/partner\/","og_locale":"de_DE","og_type":"article","og_title":"Partner - TAG DER CLUBKULTUR","og_url":"https:\/\/2023.tagderclubkultur.berlin\/en\/partner\/","og_site_name":"TAG DER CLUBKULTUR","article_modified_time":"2023-10-13T15:51:28+00:00","og_image":[{"url":"https:\/\/2023.tagderclubkultur.berlin\/wp-content\/uploads\/sites\/23\/2023\/05\/TDC23_Web_Hero_Desktop_3.jpg","width":6250,"height":4167,"type":"image\/jpeg"}],"twitter_card":"summary_large_image","schema":{"@context":"https:\/\/schema.org","@graph":[{"@type":"WebPage","@id":"https:\/\/2023.tagderclubkultur.berlin\/partner\/","url":"https:\/\/2023.tagderclubkultur.berlin\/partner\/","name":"Partner - TAG DER CLUBKULTUR","isPartOf":{"@id":"https:\/\/2023.tagderclubkultur.berlin\/en\/#website"},"datePublished":"2020-08-25T19:45:50+00:00","dateModified":"2023-10-13T15:51:28+00:00","breadcrumb":{"@id":"https:\/\/2023.tagderclubkultur.berlin\/partner\/#breadcrumb"},"inLanguage":"de","potentialAction":[{"@type":"ReadAction","target":["https:\/\/2023.tagderclubkultur.berlin\/partner\/"]}]},{"@type":"BreadcrumbList","@id":"https:\/\/2023.tagderclubkultur.berlin\/partner\/#breadcrumb","itemListElement":[{"@type":"ListItem","position":1,"name":"Home","item":"https:\/\/2023.tagderclubkultur.berlin\/"},{"@type":"ListItem","position":2,"name":"Partner"}]},{"@type":"WebSite","@id":"https:\/\/2023.tagderclubkultur.berlin\/en\/#website","url":"https:\/\/2023.tagderclubkultur.berlin\/en\/","name":"TAG DER CLUBKULTUR","description":"","potentialAction":[{"@type":"SearchAction","target":{"@type":"EntryPoint","urlTemplate":"https:\/\/2023.tagderclubkultur.berlin\/en\/?s={search_term_string}"},"query-input":{"@type":"PropertyValueSpecification","valueRequired":true,"valueName":"search_term_string"}}],"inLanguage":"de"}]}},"grid":"{\r\n  \"colCount\": 10,\r\n  \"colGutter\": 1,\r\n  \"rowGutters\": [\r\n    5,\r\n    5\r\n  ],\r\n  \"frameMargin\": 1,\r\n  \"topFrameMargin\": 200,\r\n  \"bottomFrameMargin\": 5,\r\n  \"rowAttrs\": [\r\n    {\r\n      \"relid\": 25\r\n    },\r\n    {\r\n      \"relid\": 33\r\n    },\r\n    {\r\n      \"relid\": 24\r\n    }\r\n  ],\r\n  \"bgColor\": null,\r\n  \"cont\": [\r\n    {\r\n      \"type\": \"text\",\r\n      \"cont\": \"<p class=\\\"_BIG\\\">Partner<\/p>\",\r\n      \"align\": \"top\",\r\n      \"row\": 0,\r\n      \"col\": 0,\r\n      \"colspan\": 5,\r\n      \"offsetx\": 0,\r\n      \"offsety\": 0,\r\n      \"spaceabove\": 0,\r\n      \"spacebelow\": 0,\r\n      \"yvel\": 1,\r\n      \"push\": 0,\r\n      \"relid\": 13,\r\n      \"absolute_position\": false\r\n    },\r\n    {\r\n      \"type\": \"text\",\r\n      \"cont\": \"<p class=\\\"_Mono\\\">Ohne unsere Partner w\u00e4re der TAGES DER CLUBKULTUR 2023 nicht m\u00f6glich. Wir m\u00f6chten uns insbesondere bedanken bei:\u00a0<\/p>\",\r\n      \"align\": \"top\",\r\n      \"row\": 1,\r\n      \"col\": 0,\r\n      \"colspan\": 5,\r\n      \"offsetx\": 0,\r\n      \"offsety\": 0,\r\n      \"spaceabove\": 0,\r\n      \"spacebelow\": 0,\r\n      \"yvel\": 1,\r\n      \"push\": 0,\r\n      \"relid\": 10,\r\n      \"absolute_position\": false\r\n    },\r\n    {\r\n      \"type\": \"elementgrid\",\r\n      \"cont\": \"\",\r\n      \"align\": \"top\",\r\n      \"row\": 2,\r\n      \"col\": 0,\r\n      \"colspan\": 10,\r\n      \"offsetx\": 0,\r\n      \"offsety\": 0,\r\n      \"spaceabove\": 0,\r\n      \"spacebelow\": 0,\r\n      \"yvel\": 1,\r\n      \"push\": 0,\r\n      \"relid\": 416,\r\n      \"config\": {\r\n        \"desktop\": {\r\n          \"colCount\": 4,\r\n          \"colGutter\": 5,\r\n          \"rowGutter\": 5,\r\n          \"colGutterMu\": \"%\",\r\n          \"rowGutterMu\": \"%\"\r\n        },\r\n        \"tablet\": {\r\n          \"colCount\": 3,\r\n          \"colGutter\": 5,\r\n          \"rowGutter\": 5,\r\n          \"colGutterMu\": \"%\",\r\n          \"rowGutterMu\": \"%\"\r\n        },\r\n        \"phone\": {\r\n          \"colCount\": 2,\r\n          \"colGutter\": 5,\r\n          \"rowGutter\": 5,\r\n          \"colGutterMu\": \"%\",\r\n          \"rowGutterMu\": \"%\"\r\n        },\r\n        \"layoutType\": \"top-aligned\",\r\n        \"elements\": [\r\n          {\r\n            \"type\": \"img\",\r\n            \"attid\": 4089,\r\n            \"cont\": \"\/wp-content\/uploads\/sites\/23\/2023\/10\/TDC_Partner_4.png\",\r\n            \"sizes\": {\r\n              \"full\": \"\/wp-content\/uploads\/sites\/23\/2023\/10\/TDC_Partner_4.png\",\r\n              \"_1280\": \"\/wp-content\/uploads\/sites\/23\/2023\/10\/TDC_Partner_4-1280x960.png\",\r\n              \"_1024\": \"\/wp-content\/uploads\/sites\/23\/2023\/10\/TDC_Partner_4-1024x768.png\",\r\n              \"_768\": \"\/wp-content\/uploads\/sites\/23\/2023\/10\/TDC_Partner_4-768x576.png\",\r\n              \"_512\": \"\/wp-content\/uploads\/sites\/23\/2023\/10\/TDC_Partner_4-512x384.png\",\r\n              \"_265\": \"\/wp-content\/uploads\/sites\/23\/2023\/10\/TDC_Partner_4-265x199.png\"\r\n            },\r\n            \"w\": 1667,\r\n            \"h\": 1250,\r\n            \"ar\": 0.7498500299940012,\r\n            \"alt\": \"\"\r\n          },\r\n          {\r\n            \"type\": \"img\",\r\n            \"attid\": 4086,\r\n            \"cont\": \"\/wp-content\/uploads\/sites\/23\/2023\/10\/TDC_Partner_1.png\",\r\n            \"sizes\": {\r\n              \"full\": \"\/wp-content\/uploads\/sites\/23\/2023\/10\/TDC_Partner_1.png\",\r\n              \"_1280\": \"\/wp-content\/uploads\/sites\/23\/2023\/10\/TDC_Partner_1-1280x960.png\",\r\n              \"_1024\": \"\/wp-content\/uploads\/sites\/23\/2023\/10\/TDC_Partner_1-1024x768.png\",\r\n              \"_768\": \"\/wp-content\/uploads\/sites\/23\/2023\/10\/TDC_Partner_1-768x576.png\",\r\n              \"_512\": \"\/wp-content\/uploads\/sites\/23\/2023\/10\/TDC_Partner_1-512x384.png\",\r\n              \"_265\": \"\/wp-content\/uploads\/sites\/23\/2023\/10\/TDC_Partner_1-265x199.png\"\r\n            },\r\n            \"w\": 1667,\r\n            \"h\": 1250,\r\n            \"ar\": 0.7498500299940012,\r\n            \"alt\": \"\"\r\n          },\r\n          {\r\n            \"type\": \"img\",\r\n            \"attid\": 4087,\r\n            \"cont\": \"\/wp-content\/uploads\/sites\/23\/2023\/10\/TDC_Partner_2.png\",\r\n            \"sizes\": {\r\n              \"full\": \"\/wp-content\/uploads\/sites\/23\/2023\/10\/TDC_Partner_2.png\",\r\n              \"_1280\": \"\/wp-content\/uploads\/sites\/23\/2023\/10\/TDC_Partner_2-1280x960.png\",\r\n              \"_1024\": \"\/wp-content\/uploads\/sites\/23\/2023\/10\/TDC_Partner_2-1024x768.png\",\r\n              \"_768\": \"\/wp-content\/uploads\/sites\/23\/2023\/10\/TDC_Partner_2-768x576.png\",\r\n              \"_512\": \"\/wp-content\/uploads\/sites\/23\/2023\/10\/TDC_Partner_2-512x384.png\",\r\n              \"_265\": \"\/wp-content\/uploads\/sites\/23\/2023\/10\/TDC_Partner_2-265x199.png\"\r\n            },\r\n            \"w\": 1667,\r\n            \"h\": 1250,\r\n            \"ar\": 0.7498500299940012,\r\n            \"alt\": \"\"\r\n          },\r\n          {\r\n            \"type\": \"img\",\r\n            \"attid\": 4088,\r\n            \"cont\": \"\/wp-content\/uploads\/sites\/23\/2023\/10\/TDC_Partner_3.png\",\r\n            \"sizes\": {\r\n              \"full\": \"\/wp-content\/uploads\/sites\/23\/2023\/10\/TDC_Partner_3.png\",\r\n              \"_1280\": \"\/wp-content\/uploads\/sites\/23\/2023\/10\/TDC_Partner_3-1280x960.png\",\r\n              \"_1024\": \"\/wp-content\/uploads\/sites\/23\/2023\/10\/TDC_Partner_3-1024x768.png\",\r\n              \"_768\": \"\/wp-content\/uploads\/sites\/23\/2023\/10\/TDC_Partner_3-768x576.png\",\r\n              \"_512\": \"\/wp-content\/uploads\/sites\/23\/2023\/10\/TDC_Partner_3-512x384.png\",\r\n              \"_265\": \"\/wp-content\/uploads\/sites\/23\/2023\/10\/TDC_Partner_3-265x199.png\"\r\n            },\r\n            \"w\": 1667,\r\n            \"h\": 1250,\r\n            \"ar\": 0.7498500299940012,\r\n            \"alt\": \"\"\r\n          },\r\n          {\r\n            \"type\": \"img\",\r\n            \"attid\": 4090,\r\n            \"cont\": \"\/wp-content\/uploads\/sites\/23\/2023\/10\/TDC_Partner_5.png\",\r\n            \"sizes\": {\r\n              \"full\": \"\/wp-content\/uploads\/sites\/23\/2023\/10\/TDC_Partner_5.png\",\r\n              \"_1280\": \"\/wp-content\/uploads\/sites\/23\/2023\/10\/TDC_Partner_5-1280x960.png\",\r\n              \"_1024\": \"\/wp-content\/uploads\/sites\/23\/2023\/10\/TDC_Partner_5-1024x768.png\",\r\n              \"_768\": \"\/wp-content\/uploads\/sites\/23\/2023\/10\/TDC_Partner_5-768x576.png\",\r\n              \"_512\": \"\/wp-content\/uploads\/sites\/23\/2023\/10\/TDC_Partner_5-512x384.png\",\r\n              \"_265\": \"\/wp-content\/uploads\/sites\/23\/2023\/10\/TDC_Partner_5-265x199.png\"\r\n            },\r\n            \"w\": 1667,\r\n            \"h\": 1250,\r\n            \"ar\": 0.7498500299940012,\r\n            \"alt\": \"\"\r\n          },\r\n          {\r\n            \"type\": \"img\",\r\n            \"attid\": 4091,\r\n            \"cont\": \"\/wp-content\/uploads\/sites\/23\/2023\/10\/TDC_Partner_6.png\",\r\n            \"sizes\": {\r\n              \"full\": \"\/wp-content\/uploads\/sites\/23\/2023\/10\/TDC_Partner_6.png\",\r\n              \"_1280\": \"\/wp-content\/uploads\/sites\/23\/2023\/10\/TDC_Partner_6-1280x960.png\",\r\n              \"_1024\": \"\/wp-content\/uploads\/sites\/23\/2023\/10\/TDC_Partner_6-1024x768.png\",\r\n              \"_768\": \"\/wp-content\/uploads\/sites\/23\/2023\/10\/TDC_Partner_6-768x576.png\",\r\n              \"_512\": \"\/wp-content\/uploads\/sites\/23\/2023\/10\/TDC_Partner_6-512x384.png\",\r\n              \"_265\": \"\/wp-content\/uploads\/sites\/23\/2023\/10\/TDC_Partner_6-265x199.png\"\r\n            },\r\n            \"w\": 1667,\r\n            \"h\": 1250,\r\n            \"ar\": 0.7498500299940012,\r\n            \"alt\": \"\"\r\n          },\r\n          {\r\n            \"type\": \"img\",\r\n            \"attid\": 4092,\r\n            \"cont\": \"\/wp-content\/uploads\/sites\/23\/2023\/10\/TDC_Partner_7.png\",\r\n            \"sizes\": {\r\n              \"full\": \"\/wp-content\/uploads\/sites\/23\/2023\/10\/TDC_Partner_7.png\",\r\n              \"_1280\": \"\/wp-content\/uploads\/sites\/23\/2023\/10\/TDC_Partner_7-1280x960.png\",\r\n              \"_1024\": \"\/wp-content\/uploads\/sites\/23\/2023\/10\/TDC_Partner_7-1024x768.png\",\r\n              \"_768\": \"\/wp-content\/uploads\/sites\/23\/2023\/10\/TDC_Partner_7-768x576.png\",\r\n              \"_512\": \"\/wp-content\/uploads\/sites\/23\/2023\/10\/TDC_Partner_7-512x384.png\",\r\n              \"_265\": \"\/wp-content\/uploads\/sites\/23\/2023\/10\/TDC_Partner_7-265x199.png\"\r\n            },\r\n            \"w\": 1667,\r\n            \"h\": 1250,\r\n            \"ar\": 0.7498500299940012,\r\n            \"alt\": \"\"\r\n          }\r\n        ],\r\n        \"addtostart\": false\r\n      },\r\n      \"absolute_position\": false\r\n    }\r\n  ]\r\n}","phonegrid":"","_links":{"self":[{"href":"https:\/\/2023.tagderclubkultur.berlin\/en\/wp-json\/wp\/v2\/pages\/1380","targetHints":{"allow":["GET"]}}],"collection":[{"href":"https:\/\/2023.tagderclubkultur.berlin\/en\/wp-json\/wp\/v2\/pages"}],"about":[{"href":"https:\/\/2023.tagderclubkultur.berlin\/en\/wp-json\/wp\/v2\/types\/page"}],"author":[{"embeddable":true,"href":"https:\/\/2023.tagderclubkultur.berlin\/en\/wp-json\/wp\/v2\/users\/1"}],"replies":[{"embeddable":true,"href":"https:\/\/2023.tagderclubkultur.berlin\/en\/wp-json\/wp\/v2\/comments?post=1380"}],"version-history":[{"count":0,"href":"https:\/\/2023.tagderclubkultur.berlin\/en\/wp-json\/wp\/v2\/pages\/1380\/revisions"}],"wp:attachment":[{"href":"https:\/\/2023.tagderclubkultur.berlin\/en\/wp-json\/wp\/v2\/media?parent=1380"}],"curies":[{"name":"wp","href":"https:\/\/api.w.org\/{rel}","templated":true}]}}