{"id":96,"date":"2021-07-20T14:58:20","date_gmt":"2020-08-25T19:45:50","guid":{"rendered":"http:\/\/tagderclubkultur-2023.wp.clubcommission.de\/kuratorium-2\/"},"modified":"2023-06-28T13:42:06","modified_gmt":"2023-06-28T13:42:06","slug":"kuratorium","status":"publish","type":"page","link":"https:\/\/2023.tagderclubkultur.berlin\/en\/kuratorium\/","title":{"rendered":"Board of Trustees"},"content":{"rendered":"","protected":false},"excerpt":{"rendered":"","protected":false},"author":1,"featured_media":0,"parent":0,"menu_order":16,"comment_status":"closed","ping_status":"closed","template":"","meta":{"inline_featured_image":false},"class_list":["post-96","page","type-page","status-publish","hentry"],"yoast_head":"<!-- This site is optimized with the Yoast SEO plugin v27.2 - https:\/\/yoast.com\/product\/yoast-seo-wordpress\/ -->\n<title>Kuratorium - TAG DER CLUBKULTUR<\/title>\n<meta name=\"robots\" content=\"index, follow, max-snippet:-1, max-image-preview:large, max-video-preview:-1\" \/>\n<link rel=\"canonical\" href=\"https:\/\/2023.tagderclubkultur.berlin\/en\/kuratorium\/\" \/>\n<meta property=\"og:locale\" content=\"de_DE\" \/>\n<meta property=\"og:type\" content=\"article\" \/>\n<meta property=\"og:title\" content=\"Kuratorium - TAG DER CLUBKULTUR\" \/>\n<meta property=\"og:url\" content=\"https:\/\/2023.tagderclubkultur.berlin\/en\/kuratorium\/\" \/>\n<meta property=\"og:site_name\" content=\"TAG DER CLUBKULTUR\" \/>\n<meta property=\"article:modified_time\" content=\"2023-06-28T13:42:06+00:00\" \/>\n<meta property=\"og:image\" content=\"https:\/\/2023.tagderclubkultur.berlin\/wp-content\/uploads\/sites\/23\/2023\/05\/TDC23_Web_Hero_Desktop_3.jpg\" \/>\n\t<meta property=\"og:image:width\" content=\"6250\" \/>\n\t<meta property=\"og:image:height\" content=\"4167\" \/>\n\t<meta property=\"og:image:type\" content=\"image\/jpeg\" \/>\n<meta name=\"twitter:card\" content=\"summary_large_image\" \/>\n<script type=\"application\/ld+json\" class=\"yoast-schema-graph\">{\"@context\":\"https:\/\/schema.org\",\"@graph\":[{\"@type\":\"WebPage\",\"@id\":\"https:\/\/2023.tagderclubkultur.berlin\/kuratorium\/\",\"url\":\"https:\/\/2023.tagderclubkultur.berlin\/kuratorium\/\",\"name\":\"Kuratorium - TAG DER CLUBKULTUR\",\"isPartOf\":{\"@id\":\"https:\/\/2023.tagderclubkultur.berlin\/en\/#website\"},\"datePublished\":\"2020-08-25T19:45:50+00:00\",\"dateModified\":\"2023-06-28T13:42:06+00:00\",\"breadcrumb\":{\"@id\":\"https:\/\/2023.tagderclubkultur.berlin\/kuratorium\/#breadcrumb\"},\"inLanguage\":\"de\",\"potentialAction\":[{\"@type\":\"ReadAction\",\"target\":[\"https:\/\/2023.tagderclubkultur.berlin\/kuratorium\/\"]}]},{\"@type\":\"BreadcrumbList\",\"@id\":\"https:\/\/2023.tagderclubkultur.berlin\/kuratorium\/#breadcrumb\",\"itemListElement\":[{\"@type\":\"ListItem\",\"position\":1,\"name\":\"Home\",\"item\":\"https:\/\/2023.tagderclubkultur.berlin\/\"},{\"@type\":\"ListItem\",\"position\":2,\"name\":\"Kuratorium\"}]},{\"@type\":\"WebSite\",\"@id\":\"https:\/\/2023.tagderclubkultur.berlin\/en\/#website\",\"url\":\"https:\/\/2023.tagderclubkultur.berlin\/en\/\",\"name\":\"TAG DER CLUBKULTUR\",\"description\":\"\",\"potentialAction\":[{\"@type\":\"SearchAction\",\"target\":{\"@type\":\"EntryPoint\",\"urlTemplate\":\"https:\/\/2023.tagderclubkultur.berlin\/en\/?s={search_term_string}\"},\"query-input\":{\"@type\":\"PropertyValueSpecification\",\"valueRequired\":true,\"valueName\":\"search_term_string\"}}],\"inLanguage\":\"de\"}]}<\/script>\n<!-- \/ Yoast SEO plugin. -->","yoast_head_json":{"title":"Kuratorium - TAG DER CLUBKULTUR","robots":{"index":"index","follow":"follow","max-snippet":"max-snippet:-1","max-image-preview":"max-image-preview:large","max-video-preview":"max-video-preview:-1"},"canonical":"https:\/\/2023.tagderclubkultur.berlin\/en\/kuratorium\/","og_locale":"de_DE","og_type":"article","og_title":"Kuratorium - TAG DER CLUBKULTUR","og_url":"https:\/\/2023.tagderclubkultur.berlin\/en\/kuratorium\/","og_site_name":"TAG DER CLUBKULTUR","article_modified_time":"2023-06-28T13:42:06+00:00","og_image":[{"url":"https:\/\/2023.tagderclubkultur.berlin\/wp-content\/uploads\/sites\/23\/2023\/05\/TDC23_Web_Hero_Desktop_3.jpg","width":6250,"height":4167,"type":"image\/jpeg"}],"twitter_card":"summary_large_image","schema":{"@context":"https:\/\/schema.org","@graph":[{"@type":"WebPage","@id":"https:\/\/2023.tagderclubkultur.berlin\/kuratorium\/","url":"https:\/\/2023.tagderclubkultur.berlin\/kuratorium\/","name":"Kuratorium - TAG DER CLUBKULTUR","isPartOf":{"@id":"https:\/\/2023.tagderclubkultur.berlin\/en\/#website"},"datePublished":"2020-08-25T19:45:50+00:00","dateModified":"2023-06-28T13:42:06+00:00","breadcrumb":{"@id":"https:\/\/2023.tagderclubkultur.berlin\/kuratorium\/#breadcrumb"},"inLanguage":"de","potentialAction":[{"@type":"ReadAction","target":["https:\/\/2023.tagderclubkultur.berlin\/kuratorium\/"]}]},{"@type":"BreadcrumbList","@id":"https:\/\/2023.tagderclubkultur.berlin\/kuratorium\/#breadcrumb","itemListElement":[{"@type":"ListItem","position":1,"name":"Home","item":"https:\/\/2023.tagderclubkultur.berlin\/"},{"@type":"ListItem","position":2,"name":"Kuratorium"}]},{"@type":"WebSite","@id":"https:\/\/2023.tagderclubkultur.berlin\/en\/#website","url":"https:\/\/2023.tagderclubkultur.berlin\/en\/","name":"TAG DER CLUBKULTUR","description":"","potentialAction":[{"@type":"SearchAction","target":{"@type":"EntryPoint","urlTemplate":"https:\/\/2023.tagderclubkultur.berlin\/en\/?s={search_term_string}"},"query-input":{"@type":"PropertyValueSpecification","valueRequired":true,"valueName":"search_term_string"}}],"inLanguage":"de"}]}},"grid":"{\r\n  \"colCount\": 10,\r\n  \"colGutter\": 1,\r\n  \"rowGutters\": [\r\n    0,\r\n    5,\r\n    5,\r\n    5,\r\n    5\r\n  ],\r\n  \"frameMargin\": 1,\r\n  \"topFrameMargin\": 0,\r\n  \"bottomFrameMargin\": 5,\r\n  \"rowAttrs\": [\r\n    {\r\n      \"bgimage\": {\r\n        \"attid\": 2468,\r\n        \"url\": \"http:\/\/2023.tagderclubkultur.berlin\/wp-content\/uploads\/sites\/23\/2023\/05\/KEYVISUAL_01.jpeg\",\r\n        \"sizes\": {\r\n          \"trp-custom-language-flag\": {\r\n            \"w\": 10,\r\n            \"h\": 12,\r\n            \"url\": \"http:\/\/2023.tagderclubkultur.berlin\/wp-content\/uploads\/sites\/23\/2023\/05\/KEYVISUAL_01-10x12.jpeg\"\r\n          },\r\n          \"_2560\": {\r\n            \"w\": 2560,\r\n            \"h\": 3200,\r\n            \"url\": \"http:\/\/2023.tagderclubkultur.berlin\/wp-content\/uploads\/sites\/23\/2023\/05\/KEYVISUAL_01-2560x3200.jpeg\"\r\n          },\r\n          \"_1920\": {\r\n            \"w\": 1920,\r\n            \"h\": 2400,\r\n            \"url\": \"http:\/\/2023.tagderclubkultur.berlin\/wp-content\/uploads\/sites\/23\/2023\/05\/KEYVISUAL_01-1920x2400.jpeg\"\r\n          },\r\n          \"_1280\": {\r\n            \"w\": 1280,\r\n            \"h\": 1600,\r\n            \"url\": \"http:\/\/2023.tagderclubkultur.berlin\/wp-content\/uploads\/sites\/23\/2023\/05\/KEYVISUAL_01-1280x1600.jpeg\"\r\n          },\r\n          \"_1024\": {\r\n            \"w\": 1024,\r\n            \"h\": 1280,\r\n            \"url\": \"http:\/\/2023.tagderclubkultur.berlin\/wp-content\/uploads\/sites\/23\/2023\/05\/KEYVISUAL_01-1024x1280.jpeg\"\r\n          },\r\n          \"_768\": {\r\n            \"w\": 768,\r\n            \"h\": 960,\r\n            \"url\": \"http:\/\/2023.tagderclubkultur.berlin\/wp-content\/uploads\/sites\/23\/2023\/05\/KEYVISUAL_01-768x960.jpeg\"\r\n          },\r\n          \"_512\": {\r\n            \"w\": 512,\r\n            \"h\": 640,\r\n            \"url\": \"http:\/\/2023.tagderclubkultur.berlin\/wp-content\/uploads\/sites\/23\/2023\/05\/KEYVISUAL_01-512x640.jpeg\"\r\n          },\r\n          \"_265\": {\r\n            \"w\": 265,\r\n            \"h\": 331,\r\n            \"url\": \"http:\/\/2023.tagderclubkultur.berlin\/wp-content\/uploads\/sites\/23\/2023\/05\/KEYVISUAL_01-265x331.jpeg\"\r\n          }\r\n        }\r\n      },\r\n      \"relid\": 23\r\n    },\r\n    {\r\n      \"relid\": 36\r\n    },\r\n    {\r\n      \"relid\": 28\r\n    },\r\n    {\r\n      \"relid\": 31\r\n    },\r\n    {\r\n      \"relid\": 34\r\n    },\r\n    {\r\n      \"relid\": 35\r\n    }\r\n  ],\r\n  \"bgColor\": null,\r\n  \"cont\": [\r\n    {\r\n      \"type\": \"text\",\r\n      \"cont\": \"<p class=\\\"_BIG\\\">Kuratorium<\/p>\",\r\n      \"align\": \"top\",\r\n      \"row\": 0,\r\n      \"col\": 0,\r\n      \"colspan\": 5,\r\n      \"offsetx\": 0,\r\n      \"offsety\": 0,\r\n      \"spaceabove\": 30,\r\n      \"spacebelow\": 3,\r\n      \"yvel\": 1,\r\n      \"push\": 0,\r\n      \"relid\": 13,\r\n      \"absolute_position\": false\r\n    },\r\n    {\r\n      \"type\": \"hr\",\r\n      \"cont\": \"\",\r\n      \"align\": \"top\",\r\n      \"row\": 1,\r\n      \"col\": 0,\r\n      \"colspan\": 10,\r\n      \"offsetx\": 0,\r\n      \"offsety\": 0,\r\n      \"spaceabove\": 0,\r\n      \"spacebelow\": 0,\r\n      \"yvel\": 1,\r\n      \"push\": 0,\r\n      \"relid\": 37,\r\n      \"absolute_position\": false,\r\n      \"frameOverflow\": \"both\"\r\n    },\r\n    {\r\n      \"type\": \"text\",\r\n      \"cont\": \"<p class=\\\"_Mono\\\">Das Kuratorium setzt sich aus f\u00fcnf Mitgliedern zusammen, die aufgrund ihrer Expertise und Erfahrungshintergr\u00fcnde unterschiedliche Blickwinkel auf die Berliner Clubkultur mitbringen. Das Kuratorium arbeitet unabh\u00e4ngig und entscheidet in einer abschlie\u00dfenden Kuratoriumssitzung gemeinsam \u00fcber die Vergabe der Preise.<\/p>\",\r\n      \"align\": \"top\",\r\n      \"row\": 2,\r\n      \"col\": 0,\r\n      \"colspan\": 5,\r\n      \"offsetx\": 0,\r\n      \"offsety\": 0,\r\n      \"spaceabove\": 0,\r\n      \"spacebelow\": 0,\r\n      \"yvel\": 1,\r\n      \"push\": 0,\r\n      \"relid\": 10,\r\n      \"absolute_position\": false\r\n    },\r\n    {\r\n      \"type\": \"stack\",\r\n      \"cont\": [\r\n        {\r\n          \"type\": \"img\",\r\n          \"cont\": \"\/wp-content\/uploads\/sites\/23\/2023\/05\/TDC23_Kuratorium3.png\",\r\n          \"align\": \"top\",\r\n          \"row\": -1,\r\n          \"col\": 0,\r\n          \"colspan\": 5,\r\n          \"offsetx\": 0,\r\n          \"offsety\": 0,\r\n          \"spaceabove\": 0,\r\n          \"spacebelow\": 0,\r\n          \"yvel\": 1,\r\n          \"push\": 0,\r\n          \"relid\": 150,\r\n          \"attid\": 2453,\r\n          \"sizes\": {\r\n            \"full\": \"\/wp-content\/uploads\/sites\/23\/2023\/05\/TDC23_Kuratorium3.png\",\r\n            \"_1920\": \"\/wp-content\/uploads\/sites\/23\/2023\/05\/TDC23_Kuratorium3-1920x1152.png\",\r\n            \"_1280\": \"\/wp-content\/uploads\/sites\/23\/2023\/05\/TDC23_Kuratorium3-1280x768.png\",\r\n            \"_1024\": \"\/wp-content\/uploads\/sites\/23\/2023\/05\/TDC23_Kuratorium3-1024x614.png\",\r\n            \"_768\": \"\/wp-content\/uploads\/sites\/23\/2023\/05\/TDC23_Kuratorium3-768x461.png\",\r\n            \"_512\": \"\/wp-content\/uploads\/sites\/23\/2023\/05\/TDC23_Kuratorium3-512x307.png\",\r\n            \"_265\": \"\/wp-content\/uploads\/sites\/23\/2023\/05\/TDC23_Kuratorium3-265x159.png\"\r\n          },\r\n          \"w\": 2083,\r\n          \"h\": 1250,\r\n          \"ar\": 0.600096015362458,\r\n          \"alt\": \"\",\r\n          \"absolute_position\": false\r\n        },\r\n        {\r\n          \"type\": \"text\",\r\n          \"cont\": \"<p class=\\\"_Default\\\">BLEACH<\/p><p class=\\\"_Mono\\\">BLEACH (sie \/ihr) ist eine Dragqueen aus dem englischen Essex, die eine klassische Ausbildung in einer Burlesque-Bar in Stockholm genossen hat. Sie ist Performerin, Produzentin, Moderatorin und ein Society-Liebling, der Drag und Punk zusammenbringt und von der homosexuellen Revolution tr\u00e4umt. BLEACH tritt mit den Venus Boys auf, produziert und moderiert die Partyreihe POPPERS im Monster Ronson's Ichiban Karaoke, ist k\u00fcnstlerische Co-Leitung des \u201ego drag!\u201c-Festivals und Hostess beim Stockwig-Drag-Festival.<\/p>\",\r\n          \"align\": \"top\",\r\n          \"row\": -1,\r\n          \"col\": 0,\r\n          \"colspan\": 5,\r\n          \"offsetx\": 0,\r\n          \"offsety\": 0,\r\n          \"spaceabove\": 2.5,\r\n          \"spacebelow\": 0,\r\n          \"yvel\": 1,\r\n          \"push\": 0,\r\n          \"relid\": 11,\r\n          \"absolute_position\": false\r\n        }\r\n      ],\r\n      \"align\": \"top\",\r\n      \"row\": 3,\r\n      \"col\": 0,\r\n      \"colspan\": 5,\r\n      \"offsetx\": 0,\r\n      \"offsety\": 0,\r\n      \"spaceabove\": 0,\r\n      \"spacebelow\": 0,\r\n      \"yvel\": 1,\r\n      \"push\": 0,\r\n      \"relid\": 9,\r\n      \"absolute_position\": false\r\n    },\r\n    {\r\n      \"type\": \"stack\",\r\n      \"cont\": [\r\n        {\r\n          \"type\": \"img\",\r\n          \"cont\": \"\/wp-content\/uploads\/sites\/23\/2023\/05\/TDC23_Kuratorium.png\",\r\n          \"align\": \"top\",\r\n          \"row\": -1,\r\n          \"col\": 0,\r\n          \"colspan\": 5,\r\n          \"offsetx\": 0,\r\n          \"offsety\": 0,\r\n          \"spaceabove\": 0,\r\n          \"spacebelow\": 0,\r\n          \"yvel\": 1,\r\n          \"push\": 0,\r\n          \"relid\": 1413,\r\n          \"attid\": 2451,\r\n          \"sizes\": {\r\n            \"full\": \"\/wp-content\/uploads\/sites\/23\/2023\/05\/TDC23_Kuratorium.png\",\r\n            \"_1920\": \"\/wp-content\/uploads\/sites\/23\/2023\/05\/TDC23_Kuratorium-1920x1152.png\",\r\n            \"_1280\": \"\/wp-content\/uploads\/sites\/23\/2023\/05\/TDC23_Kuratorium-1280x768.png\",\r\n            \"_1024\": \"\/wp-content\/uploads\/sites\/23\/2023\/05\/TDC23_Kuratorium-1024x614.png\",\r\n            \"_768\": \"\/wp-content\/uploads\/sites\/23\/2023\/05\/TDC23_Kuratorium-768x461.png\",\r\n            \"_512\": \"\/wp-content\/uploads\/sites\/23\/2023\/05\/TDC23_Kuratorium-512x307.png\",\r\n            \"_265\": \"\/wp-content\/uploads\/sites\/23\/2023\/05\/TDC23_Kuratorium-265x159.png\"\r\n          },\r\n          \"w\": 2083,\r\n          \"h\": 1250,\r\n          \"ar\": 0.600096015362458,\r\n          \"alt\": \"\",\r\n          \"absolute_position\": false\r\n        },\r\n        {\r\n          \"type\": \"text\",\r\n          \"cont\": \"<p class=\\\"_Default\\\">GUDRUN GUT<\/p><p class=\\\"_Mono\\\">Gudrun Gut (sie \/ihr) begann ihre Karriere im Berlin der fr\u00fchen 80er als Teil von Mania D, Einst\u00fcrzende Neubauten und Malaria!. Bis heute umfasst ihre kulturelle Arbeit ein riesiges Spektrum: Sie hat Solo-Alben ver\u00f6ffentlicht, die Plattenlabels Moabit Musik und Monika Enterprise gegr\u00fcndet, ein Buch geschrieben, moderiert und produziert f\u00fcr radioeins, organisiert Partys mit dem Kollektiv Oceanclub, kuratiert Festivals und nutzt die Monika-Werkstatt f\u00fcr experimentell-feministische Zusammenarbeiten. Gudrun Gut sa\u00df im Beirat des Musicboard Berlin und sechs Jahre in der K\u00fcnstler:innenf\u00f6rderungsjury der Initiative Musik und erhielt 2019 den Listen to Berlin: Award f\u00fcr die Entwicklung und F\u00f6rderung der Berliner Musikszene.<\/p>\",\r\n          \"align\": \"top\",\r\n          \"row\": -1,\r\n          \"col\": 0,\r\n          \"colspan\": 5,\r\n          \"offsetx\": 0,\r\n          \"offsety\": 0,\r\n          \"spaceabove\": 2.5,\r\n          \"spacebelow\": 0,\r\n          \"yvel\": 1,\r\n          \"push\": 0,\r\n          \"relid\": 25,\r\n          \"absolute_position\": false\r\n        }\r\n      ],\r\n      \"align\": \"top\",\r\n      \"row\": 3,\r\n      \"col\": 5,\r\n      \"colspan\": 5,\r\n      \"offsetx\": 0,\r\n      \"offsety\": 0,\r\n      \"spaceabove\": 0,\r\n      \"spacebelow\": 0,\r\n      \"yvel\": 1,\r\n      \"push\": 0,\r\n      \"relid\": 24,\r\n      \"absolute_position\": false\r\n    },\r\n    {\r\n      \"type\": \"stack\",\r\n      \"cont\": [\r\n        {\r\n          \"type\": \"img\",\r\n          \"cont\": \"\/wp-content\/uploads\/sites\/23\/2023\/05\/TDC23_Kuratorium5.png\",\r\n          \"align\": \"top\",\r\n          \"row\": -1,\r\n          \"col\": 0,\r\n          \"colspan\": 5,\r\n          \"offsetx\": 0,\r\n          \"offsety\": 0,\r\n          \"spaceabove\": 0,\r\n          \"spacebelow\": 0,\r\n          \"yvel\": 1,\r\n          \"push\": 0,\r\n          \"relid\": 945,\r\n          \"attid\": 2487,\r\n          \"sizes\": {\r\n            \"full\": \"\/wp-content\/uploads\/sites\/23\/2023\/05\/TDC23_Kuratorium5.png\",\r\n            \"_1920\": \"\/wp-content\/uploads\/sites\/23\/2023\/05\/TDC23_Kuratorium5-1920x1152.png\",\r\n            \"_1280\": \"\/wp-content\/uploads\/sites\/23\/2023\/05\/TDC23_Kuratorium5-1280x768.png\",\r\n            \"_1024\": \"\/wp-content\/uploads\/sites\/23\/2023\/05\/TDC23_Kuratorium5-1024x614.png\",\r\n            \"_768\": \"\/wp-content\/uploads\/sites\/23\/2023\/05\/TDC23_Kuratorium5-768x461.png\",\r\n            \"_512\": \"\/wp-content\/uploads\/sites\/23\/2023\/05\/TDC23_Kuratorium5-512x307.png\",\r\n            \"_265\": \"\/wp-content\/uploads\/sites\/23\/2023\/05\/TDC23_Kuratorium5-265x159.png\"\r\n          },\r\n          \"w\": 2083,\r\n          \"h\": 1250,\r\n          \"ar\": 0.600096015362458,\r\n          \"alt\": \"\",\r\n          \"absolute_position\": false\r\n        },\r\n        {\r\n          \"type\": \"text\",\r\n          \"cont\": \"<p class=\\\"_Default\\\">Lolsnake<\/p><p class=\\\"_Mono\\\">Lolsnake (sie\/they) ist das Pseudonym der in Berlin lebenden, irakisch-amerikanischen K\u00fcnstlerin Danielle Lumma Rahal, die als DJ, bildende K\u00fcnstlerin, Kuratorin und Promoterin arbeitet. In ihren Sets leitet sie durch eine Welt aus New- und Old-School-Perlen zwischen hypnotischem Techno, euphorischen Trancekl\u00e4ngen und anderen \u00dcberraschungen. Lolsnake ist Gr\u00fcnderin der inzwischen in der S\u00e4ule des Berghain ans\u00e4ssigen Partyreihe Weeeirdos, die seit 2017 neuen und aufstrebenden queeren DJs und K\u00fcnstler:innen der Stadt Geh\u00f6r verschafft.<\/p>\",\r\n          \"align\": \"top\",\r\n          \"row\": -1,\r\n          \"col\": 0,\r\n          \"colspan\": 5,\r\n          \"offsetx\": 0,\r\n          \"offsety\": 0,\r\n          \"spaceabove\": 2.5,\r\n          \"spacebelow\": 0,\r\n          \"yvel\": 1,\r\n          \"push\": 0,\r\n          \"relid\": 29,\r\n          \"absolute_position\": false\r\n        }\r\n      ],\r\n      \"align\": \"top\",\r\n      \"row\": 4,\r\n      \"col\": 0,\r\n      \"colspan\": 5,\r\n      \"offsetx\": 0,\r\n      \"offsety\": 0,\r\n      \"spaceabove\": 0,\r\n      \"spacebelow\": 0,\r\n      \"yvel\": 1,\r\n      \"push\": 0,\r\n      \"relid\": 26,\r\n      \"absolute_position\": false\r\n    },\r\n    {\r\n      \"type\": \"stack\",\r\n      \"cont\": [\r\n        {\r\n          \"type\": \"img\",\r\n          \"cont\": \"\/wp-content\/uploads\/sites\/23\/2023\/05\/TDC23_Kuratorium4.png\",\r\n          \"align\": \"top\",\r\n          \"row\": -1,\r\n          \"col\": 0,\r\n          \"colspan\": 5,\r\n          \"offsetx\": 0,\r\n          \"offsety\": 0,\r\n          \"spaceabove\": 0,\r\n          \"spacebelow\": 0,\r\n          \"yvel\": 1,\r\n          \"push\": 0,\r\n          \"relid\": 1173,\r\n          \"attid\": 2486,\r\n          \"sizes\": {\r\n            \"full\": \"\/wp-content\/uploads\/sites\/23\/2023\/05\/TDC23_Kuratorium4.png\",\r\n            \"_1920\": \"\/wp-content\/uploads\/sites\/23\/2023\/05\/TDC23_Kuratorium4-1920x1152.png\",\r\n            \"_1280\": \"\/wp-content\/uploads\/sites\/23\/2023\/05\/TDC23_Kuratorium4-1280x768.png\",\r\n            \"_1024\": \"\/wp-content\/uploads\/sites\/23\/2023\/05\/TDC23_Kuratorium4-1024x614.png\",\r\n            \"_768\": \"\/wp-content\/uploads\/sites\/23\/2023\/05\/TDC23_Kuratorium4-768x461.png\",\r\n            \"_512\": \"\/wp-content\/uploads\/sites\/23\/2023\/05\/TDC23_Kuratorium4-512x307.png\",\r\n            \"_265\": \"\/wp-content\/uploads\/sites\/23\/2023\/05\/TDC23_Kuratorium4-265x159.png\"\r\n          },\r\n          \"w\": 2083,\r\n          \"h\": 1250,\r\n          \"ar\": 0.600096015362458,\r\n          \"alt\": \"\",\r\n          \"absolute_position\": false\r\n        },\r\n        {\r\n          \"type\": \"text\",\r\n          \"cont\": \"<p class=\\\"_Default\\\">Smiley Baldwin<\/p><p class=\\\"_Mono\\\">Smiley Baldwin (er\/ihn) war von 1987 bis 1992 als US-Soldat in Berlin stationiert. Nach der ehrenhaften Entlassung begann seine Arbeit an verschiedenen Clubt\u00fcren, unter anderem beim Cookies, WMF, Revier S\u00fcdost und Heidegl\u00fchen. Geschichten aus dieser Zeit erz\u00e4hlte er in der Doku Berlin Bouncer, die 2019 ins Kino kam. Seit 1997 ist Smiley Baldwin Gesch\u00e4ftsf\u00fchrer seiner eigenen Firmen Sicherheitsdienst Baldwin und Baldwin Security.<\/p>\",\r\n          \"align\": \"middle\",\r\n          \"row\": -1,\r\n          \"col\": 0,\r\n          \"colspan\": 5,\r\n          \"offsetx\": 0,\r\n          \"offsety\": 0,\r\n          \"spaceabove\": 2.5,\r\n          \"spacebelow\": 0,\r\n          \"yvel\": 1,\r\n          \"push\": 0,\r\n          \"relid\": 30,\r\n          \"absolute_position\": false\r\n        }\r\n      ],\r\n      \"align\": \"top\",\r\n      \"row\": 4,\r\n      \"col\": 5,\r\n      \"colspan\": 5,\r\n      \"offsetx\": 0,\r\n      \"offsety\": 0,\r\n      \"spaceabove\": 0,\r\n      \"spacebelow\": 0,\r\n      \"yvel\": 1,\r\n      \"push\": 0,\r\n      \"relid\": 27,\r\n      \"absolute_position\": false\r\n    },\r\n    {\r\n      \"type\": \"stack\",\r\n      \"cont\": [\r\n        {\r\n          \"type\": \"img\",\r\n          \"cont\": \"\/wp-content\/uploads\/sites\/23\/2023\/05\/TDC23_Kuratorium2.png\",\r\n          \"align\": \"middle\",\r\n          \"row\": -1,\r\n          \"col\": 0,\r\n          \"colspan\": 5,\r\n          \"offsetx\": 0,\r\n          \"offsety\": 0,\r\n          \"spaceabove\": 0,\r\n          \"spacebelow\": 0,\r\n          \"yvel\": 1,\r\n          \"push\": 0,\r\n          \"relid\": 2633,\r\n          \"attid\": 2452,\r\n          \"sizes\": {\r\n            \"full\": \"\/wp-content\/uploads\/sites\/23\/2023\/05\/TDC23_Kuratorium2.png\",\r\n            \"_1920\": \"\/wp-content\/uploads\/sites\/23\/2023\/05\/TDC23_Kuratorium2-1920x1152.png\",\r\n            \"_1280\": \"\/wp-content\/uploads\/sites\/23\/2023\/05\/TDC23_Kuratorium2-1280x768.png\",\r\n            \"_1024\": \"\/wp-content\/uploads\/sites\/23\/2023\/05\/TDC23_Kuratorium2-1024x614.png\",\r\n            \"_768\": \"\/wp-content\/uploads\/sites\/23\/2023\/05\/TDC23_Kuratorium2-768x461.png\",\r\n            \"_512\": \"\/wp-content\/uploads\/sites\/23\/2023\/05\/TDC23_Kuratorium2-512x307.png\",\r\n            \"_265\": \"\/wp-content\/uploads\/sites\/23\/2023\/05\/TDC23_Kuratorium2-265x159.png\"\r\n          },\r\n          \"w\": 2083,\r\n          \"h\": 1250,\r\n          \"ar\": 0.600096015362458,\r\n          \"alt\": \"\",\r\n          \"absolute_position\": false\r\n        },\r\n        {\r\n          \"type\": \"text\",\r\n          \"cont\": \"<p class=\\\"_Default\\\">YUKO ASANUMA<\/p><p class=\\\"_Mono\\\">Yuko Asanuma (sie \/ihr) ist Musikjournalistin, Bookerin, Veranstaltungsorganisatorin zwischen Japan und Deutschland und Managerin diverser K\u00fcnstler:innen mit ihrer eigenen Agentur setten. Sie schreibt regelm\u00e4\u00dfig f\u00fcr japanische und englische Musikmagazine und hat u. a. f\u00fcr Ostgut Booking, Resident Advisor, Ableton, Sound &amp; Recording Magazine, Berlin Atonal und Poly AM gearbeitet. Fokus von Yuko Asanumas Arbeit ist es, unterrepr\u00e4sentierten K\u00fcnstler:innen die M\u00f6glichkeit zu geben, sichtbar zu werden und sich zu entfalten, um kulturellen Austausch und Vielfalt zu f\u00f6rdern.<\/p>\",\r\n          \"align\": \"top\",\r\n          \"row\": -1,\r\n          \"col\": 0,\r\n          \"colspan\": 5,\r\n          \"offsetx\": 0,\r\n          \"offsety\": 0,\r\n          \"spaceabove\": 2.5,\r\n          \"spacebelow\": 0,\r\n          \"yvel\": 1,\r\n          \"push\": 0,\r\n          \"relid\": 33,\r\n          \"absolute_position\": false\r\n        }\r\n      ],\r\n      \"align\": \"middle\",\r\n      \"row\": 5,\r\n      \"col\": 0,\r\n      \"colspan\": 5,\r\n      \"offsetx\": 0,\r\n      \"offsety\": 0,\r\n      \"spaceabove\": 0,\r\n      \"spacebelow\": 0,\r\n      \"yvel\": 1,\r\n      \"push\": 0,\r\n      \"relid\": 32,\r\n      \"absolute_position\": false\r\n    }\r\n  ]\r\n}","phonegrid":"","_links":{"self":[{"href":"https:\/\/2023.tagderclubkultur.berlin\/en\/wp-json\/wp\/v2\/pages\/96","targetHints":{"allow":["GET"]}}],"collection":[{"href":"https:\/\/2023.tagderclubkultur.berlin\/en\/wp-json\/wp\/v2\/pages"}],"about":[{"href":"https:\/\/2023.tagderclubkultur.berlin\/en\/wp-json\/wp\/v2\/types\/page"}],"author":[{"embeddable":true,"href":"https:\/\/2023.tagderclubkultur.berlin\/en\/wp-json\/wp\/v2\/users\/1"}],"replies":[{"embeddable":true,"href":"https:\/\/2023.tagderclubkultur.berlin\/en\/wp-json\/wp\/v2\/comments?post=96"}],"version-history":[{"count":0,"href":"https:\/\/2023.tagderclubkultur.berlin\/en\/wp-json\/wp\/v2\/pages\/96\/revisions"}],"wp:attachment":[{"href":"https:\/\/2023.tagderclubkultur.berlin\/en\/wp-json\/wp\/v2\/media?parent=96"}],"curies":[{"name":"wp","href":"https:\/\/api.w.org\/{rel}","templated":true}]}}